{"id":9413,"date":"2022-05-03T13:57:36","date_gmt":"2022-05-03T13:57:36","guid":{"rendered":"https:\/\/lindenpark.pl\/?page_id=9413"},"modified":"2022-05-04T15:53:03","modified_gmt":"2022-05-04T15:53:03","slug":"szkoly-podstawowe","status":"publish","type":"page","link":"https:\/\/lindenpark.pl\/en\/szkoly-podstawowe\/","title":{"rendered":"Szko\u0142y podstawowe"},"content":{"rendered":"<div data-elementor-type=\"wp-page\" data-elementor-id=\"9413\" class=\"elementor elementor-9413\" data-elementor-settings=\"{&quot;ha_cmc_init_switcher&quot;:&quot;no&quot;}\">\n\t\t\t\t\t\t<section class=\"elementor-section elementor-top-section elementor-element elementor-element-fbb076c elementor-section-boxed elementor-section-height-default elementor-section-height-default qodef-elementor-content-no\" data-id=\"fbb076c\" data-element_type=\"section\" data-settings=\"{&quot;_ha_eqh_enable&quot;:false}\">\n\t\t\t\t\t\t<div class=\"elementor-container elementor-column-gap-default\">\n\t\t\t\t\t<div class=\"elementor-column elementor-col-100 elementor-top-column elementor-element elementor-element-43fb66b\" data-id=\"43fb66b\" data-element_type=\"column\">\n\t\t\t<div class=\"elementor-widget-wrap elementor-element-populated\">\n\t\t\t\t\t\t<section class=\"elementor-section elementor-inner-section elementor-element elementor-element-02fec68 elementor-section-boxed elementor-section-height-default elementor-section-height-default qodef-elementor-content-no\" data-id=\"02fec68\" data-element_type=\"section\" data-settings=\"{&quot;_ha_eqh_enable&quot;:false}\">\n\t\t\t\t\t\t<div class=\"elementor-container elementor-column-gap-default\">\n\t\t\t\t\t<div class=\"elementor-column elementor-col-50 elementor-inner-column elementor-element elementor-element-6746cf2\" data-id=\"6746cf2\" data-element_type=\"column\">\n\t\t\t<div class=\"elementor-widget-wrap elementor-element-populated\">\n\t\t\t\t\t\t<div class=\"elementor-element elementor-element-4614ac0 elementor-widget elementor-widget-heading\" data-id=\"4614ac0\" data-element_type=\"widget\" data-widget_type=\"heading.default\">\n\t\t\t\t<div class=\"elementor-widget-container\">\n\t\t\t\t\t<h2 class=\"elementor-heading-title elementor-size-default\">Dla kogo?<\/h2>\t\t\t\t<\/div>\n\t\t\t\t<\/div>\n\t\t\t\t<div class=\"elementor-element elementor-element-67185c1 elementor-widget elementor-widget-text-editor\" data-id=\"67185c1\" data-element_type=\"widget\" data-widget_type=\"text-editor.default\">\n\t\t\t\t<div class=\"elementor-widget-container\">\n\t\t\t\t\t\t\t\t\t<div class=\"page\" title=\"Page 1\"><div class=\"section\"><div class=\"layoutArea\"><div class=\"column\"><p><span style=\"color: var( --e-global-color-text ); font-family: var( --e-global-typography-text-font-family ), Sans-serif;\">Dla nauczycieli:<\/span><\/p><p>nauczania pocza\u0328tkowego szko\u0301\u0142 podstawowych<br \/>klas licealnych<br \/>techniko\u0301w zawodowych<\/p><p>Cele zaje\u0328c\u0301:<\/p><p>Intensywna integracja:<\/p><p>ca\u0142ej klasy\/grupy<br \/>ucznio\u0301w niezintegrowanych wykluczonych ucznio\u0301w rywalizuja\u0328cych klas<\/p><p>Rozwia\u0328zywanie konflikto\u0301w:<\/p><p>pomie\u0328dzy uczniami pomie\u0328dzy grupami w klasie pomie\u0328dzy klasami w szkole<\/p><p>Podnoszenie poziomu kultury:<\/p><p>ws\u0301ro\u0301d pojedynczych ucznio\u0301w ws\u0301ro\u0301d ucznio\u0301w \u201etrudnych\u201d<br \/>w dzia\u0142aniach grupowych<\/p><\/div><\/div><\/div><\/div><div class=\"page\" title=\"Page 2\"><div class=\"section\"><div class=\"layoutArea\"><div class=\"column\"><p>Obniz\u0307anie poziomu ha\u0142asu w klasie:<\/p><p>wdraz\u0307anie sposobo\u0301w radzenia sobie negatywnymi emocjami zwracanie uwagi na potrzebe\u0328 koncentracji do realizacji zadan\u0301 budowanie komunikatu pozbawionego negatywnych emocji pokazywanie technik uz\u0307ywania g\u0142osu we w\u0142as\u0301ciwy sposo\u0301b<\/p><p>Sposoby realizacji:<\/p><p>wyznaczenie s\u0301cis\u0142ych regu\u0142 na potrzeby realizacji zadania konsekwentne zwracanie uwagi na przestrzeganie tych regu\u0142 pomoc w realizacja zadania wed\u0142ug ustalonych wytycznych sprawiedliwa ocena wszystkich uczestniko\u0301w zaje\u0328c\u0301<\/p><p>ZASADY WARSZTATO\u0301W<\/p><p>Na podstawie scenariusza \u201ebudujemy miasto\u201d<\/p><p>Klasa realizuje zadanie jako jedna druz\u0307yna, zabawe\u0328 rozpoczyna<br \/>z 6 punktami odpowiadaja\u0328cymi ocenie. Punkty moz\u0307na utracic\u0301 przez z\u0142e zachowanie. Dotyczy to ca\u0142ej klasy, nawet jes\u0301li jest to zachowanie jednej<\/p><p>osoby. Uczniowie dostaja\u0328 ostrzez\u0307enie przed utrata\u0328 punktu.<\/p><p>Ocena wystawiona klasie (za zgoda\u0328 nauczyciela) jest taka sama dla kaz\u0307dego. Uczniowie nie prosza\u0328 nauczyciela o rozwia\u0328zanie swoich<\/p><p>sporo\u0301w, ale sa\u0328 zache\u0328cani do dialogu. Prowadza\u0328cy warsztaty zwraca uwage\u0328 na rozmowe\u0328 z uczniami &#8222;trudnymi&#8221;.<\/p><p>Pod koniec zadania uczniowie moga\u0328 wypowiedziec\u0301 sie\u0328 na temat swoich budowli. Zwracaja\u0328 sie\u0328 nie tylko do nauczyciela, ale do samych siebie. Mo\u0301wia\u0328 tez\u0307 o zauwaz\u0307onych problemach, konfliktach<br \/>i metodach jakie zosta\u0142y podje\u0328te, aby je rozwia\u0328zac\u0301.<\/p><p>Uczniowie dokonuja\u0328 samooceny swojej pracy. Prowadza\u0328cy warsztaty podsumowuje ich dzia\u0142ania jako jednej druz\u0307yny. Sprza\u0328tanie klocko\u0301w<\/p><p>odbywa sie\u0328 wed\u0142ugtych samych regu\u0142 co zabawa. Po warsztatach opcjonalnie wystawiane sa\u0328 oceny za zachowanie.<\/p><\/div><\/div><\/div><\/div>\t\t\t\t\t\t\t\t<\/div>\n\t\t\t\t<\/div>\n\t\t\t\t\t<\/div>\n\t\t<\/div>\n\t\t\t\t<div class=\"elementor-column elementor-col-50 elementor-inner-column elementor-element elementor-element-cb5bd8c\" data-id=\"cb5bd8c\" data-element_type=\"column\">\n\t\t\t<div class=\"elementor-widget-wrap elementor-element-populated\">\n\t\t\t\t\t\t<div class=\"elementor-element elementor-element-421d1c4 elementor-widget elementor-widget-image\" data-id=\"421d1c4\" data-element_type=\"widget\" data-widget_type=\"image.default\">\n\t\t\t\t<div class=\"elementor-widget-container\">\n\t\t\t\t\t\t\t\t\t\t\t\t\t\t\t<img fetchpriority=\"high\" decoding=\"async\" width=\"1024\" height=\"680\" src=\"https:\/\/lindenpark.pl\/wp-content\/uploads\/2022\/04\/DSC0192-2-1-1024x680.jpg\" class=\"attachment-large size-large wp-image-9325\" alt=\"\" srcset=\"https:\/\/lindenpark.pl\/wp-content\/uploads\/2022\/04\/DSC0192-2-1-1024x680.jpg 1024w, https:\/\/lindenpark.pl\/wp-content\/uploads\/2022\/04\/DSC0192-2-1-600x399.jpg 600w, https:\/\/lindenpark.pl\/wp-content\/uploads\/2022\/04\/DSC0192-2-1-300x199.jpg 300w, https:\/\/lindenpark.pl\/wp-content\/uploads\/2022\/04\/DSC0192-2-1-768x510.jpg 768w, https:\/\/lindenpark.pl\/wp-content\/uploads\/2022\/04\/DSC0192-2-1-1536x1021.jpg 1536w, https:\/\/lindenpark.pl\/wp-content\/uploads\/2022\/04\/DSC0192-2-1.jpg 1994w\" sizes=\"(max-width: 1024px) 100vw, 1024px\" \/>\t\t\t\t\t\t\t\t\t\t\t\t\t\t\t<\/div>\n\t\t\t\t<\/div>\n\t\t\t\t<div class=\"elementor-element elementor-element-d97ae8e elementor-widget elementor-widget-image\" data-id=\"d97ae8e\" data-element_type=\"widget\" data-widget_type=\"image.default\">\n\t\t\t\t<div class=\"elementor-widget-container\">\n\t\t\t\t\t\t\t\t\t\t\t\t\t\t\t<img decoding=\"async\" width=\"1024\" height=\"1024\" src=\"https:\/\/lindenpark.pl\/wp-content\/uploads\/2022\/04\/DSC0311ko-1024x1024.jpg\" class=\"attachment-large size-large wp-image-9341\" alt=\"\" srcset=\"https:\/\/lindenpark.pl\/wp-content\/uploads\/2022\/04\/DSC0311ko-1024x1024.jpg 1024w, https:\/\/lindenpark.pl\/wp-content\/uploads\/2022\/04\/DSC0311ko-300x300.jpg 300w, https:\/\/lindenpark.pl\/wp-content\/uploads\/2022\/04\/DSC0311ko-100x100.jpg 100w, https:\/\/lindenpark.pl\/wp-content\/uploads\/2022\/04\/DSC0311ko-600x600.jpg 600w, https:\/\/lindenpark.pl\/wp-content\/uploads\/2022\/04\/DSC0311ko-150x150.jpg 150w, https:\/\/lindenpark.pl\/wp-content\/uploads\/2022\/04\/DSC0311ko-768x768.jpg 768w, https:\/\/lindenpark.pl\/wp-content\/uploads\/2022\/04\/DSC0311ko-650x650.jpg 650w, https:\/\/lindenpark.pl\/wp-content\/uploads\/2022\/04\/DSC0311ko-1300x1300.jpg 1300w, https:\/\/lindenpark.pl\/wp-content\/uploads\/2022\/04\/DSC0311ko.jpg 1357w\" sizes=\"(max-width: 1024px) 100vw, 1024px\" \/>\t\t\t\t\t\t\t\t\t\t\t\t\t\t\t<\/div>\n\t\t\t\t<\/div>\n\t\t\t\t<div class=\"elementor-element elementor-element-a2e21f1 elementor-widget elementor-widget-image\" data-id=\"a2e21f1\" data-element_type=\"widget\" data-widget_type=\"image.default\">\n\t\t\t\t<div class=\"elementor-widget-container\">\n\t\t\t\t\t\t\t\t\t\t\t\t\t\t\t<img fetchpriority=\"high\" decoding=\"async\" width=\"1024\" height=\"680\" src=\"https:\/\/lindenpark.pl\/wp-content\/uploads\/2022\/04\/DSC0192-2-1-1024x680.jpg\" class=\"attachment-large size-large wp-image-9325\" alt=\"\" srcset=\"https:\/\/lindenpark.pl\/wp-content\/uploads\/2022\/04\/DSC0192-2-1-1024x680.jpg 1024w, https:\/\/lindenpark.pl\/wp-content\/uploads\/2022\/04\/DSC0192-2-1-600x399.jpg 600w, https:\/\/lindenpark.pl\/wp-content\/uploads\/2022\/04\/DSC0192-2-1-300x199.jpg 300w, https:\/\/lindenpark.pl\/wp-content\/uploads\/2022\/04\/DSC0192-2-1-768x510.jpg 768w, https:\/\/lindenpark.pl\/wp-content\/uploads\/2022\/04\/DSC0192-2-1-1536x1021.jpg 1536w, https:\/\/lindenpark.pl\/wp-content\/uploads\/2022\/04\/DSC0192-2-1.jpg 1994w\" sizes=\"(max-width: 1024px) 100vw, 1024px\" \/>\t\t\t\t\t\t\t\t\t\t\t\t\t\t\t<\/div>\n\t\t\t\t<\/div>\n\t\t\t\t<div class=\"elementor-element elementor-element-643f5e3 elementor-widget elementor-widget-image\" data-id=\"643f5e3\" data-element_type=\"widget\" data-widget_type=\"image.default\">\n\t\t\t\t<div class=\"elementor-widget-container\">\n\t\t\t\t\t\t\t\t\t\t\t\t\t\t\t<img fetchpriority=\"high\" decoding=\"async\" width=\"1024\" height=\"680\" src=\"https:\/\/lindenpark.pl\/wp-content\/uploads\/2022\/04\/DSC0192-2-1-1024x680.jpg\" class=\"attachment-large size-large wp-image-9325\" alt=\"\" srcset=\"https:\/\/lindenpark.pl\/wp-content\/uploads\/2022\/04\/DSC0192-2-1-1024x680.jpg 1024w, https:\/\/lindenpark.pl\/wp-content\/uploads\/2022\/04\/DSC0192-2-1-600x399.jpg 600w, https:\/\/lindenpark.pl\/wp-content\/uploads\/2022\/04\/DSC0192-2-1-300x199.jpg 300w, https:\/\/lindenpark.pl\/wp-content\/uploads\/2022\/04\/DSC0192-2-1-768x510.jpg 768w, https:\/\/lindenpark.pl\/wp-content\/uploads\/2022\/04\/DSC0192-2-1-1536x1021.jpg 1536w, https:\/\/lindenpark.pl\/wp-content\/uploads\/2022\/04\/DSC0192-2-1.jpg 1994w\" sizes=\"(max-width: 1024px) 100vw, 1024px\" \/>\t\t\t\t\t\t\t\t\t\t\t\t\t\t\t<\/div>\n\t\t\t\t<\/div>\n\t\t\t\t\t<\/div>\n\t\t<\/div>\n\t\t\t\t\t<\/div>\n\t\t<\/section>\n\t\t\t\t\t<\/div>\n\t\t<\/div>\n\t\t\t\t\t<\/div>\n\t\t<\/section>\n\t\t\t\t<\/div>","protected":false},"excerpt":{"rendered":"<p>Dla kogo? Dla nauczycieli: nauczania pocza\u0328tkowego szko\u0301\u0142 podstawowychklas licealnychtechniko\u0301w zawodowych Cele zaje\u0328c\u0301: Intensywna integracja: ca\u0142ej klasy\/grupyucznio\u0301w niezintegrowanych wykluczonych ucznio\u0301w rywalizuja\u0328cych klas Rozwia\u0328zywanie konflikto\u0301w: pomie\u0328dzy uczniami pomie\u0328dzy grupami w klasie pomie\u0328dzy [&hellip;]<\/p>","protected":false},"author":5,"featured_media":0,"parent":0,"menu_order":0,"comment_status":"closed","ping_status":"closed","template":"","meta":{"_price":"","_stock":"","_tribe_ticket_header":"","_tribe_default_ticket_provider":"","_tribe_ticket_capacity":"0","_ticket_start_date":"","_ticket_end_date":"","_tribe_ticket_show_description":"","_tribe_ticket_show_not_going":false,"_tribe_ticket_use_global_stock":"","_tribe_ticket_global_stock_level":"","_global_stock_mode":"","_global_stock_cap":"","_tribe_rsvp_for_event":"","_tribe_ticket_going_count":"","_tribe_ticket_not_going_count":"","_tribe_tickets_list":"[]","_tribe_ticket_has_attendee_info_fields":false,"footnotes":"","_tec_slr_enabled":"","_tec_slr_layout":""},"class_list":["post-9413","page","type-page","status-publish","hentry"],"yoast_head":"<!-- This site is optimized with the Yoast SEO plugin v27.5 - https:\/\/yoast.com\/product\/yoast-seo-wordpress\/ -->\n<title>Szko\u0142y podstawowe - Lindenpark<\/title>\n<meta name=\"robots\" content=\"index, follow, max-snippet:-1, max-image-preview:large, max-video-preview:-1\" \/>\n<link rel=\"canonical\" href=\"https:\/\/lindenpark.pl\/en\/szkoly-podstawowe\/\" \/>\n<meta property=\"og:locale\" content=\"en_GB\" \/>\n<meta property=\"og:type\" content=\"article\" \/>\n<meta property=\"og:title\" content=\"Szko\u0142y podstawowe - Lindenpark\" \/>\n<meta property=\"og:description\" content=\"Dla kogo? Dla nauczycieli: nauczania pocza\u0328tkowego szko\u0301\u0142 podstawowychklas licealnychtechniko\u0301w zawodowych Cele zaje\u0328c\u0301: Intensywna integracja: ca\u0142ej klasy\/grupyucznio\u0301w niezintegrowanych wykluczonych ucznio\u0301w rywalizuja\u0328cych klas Rozwia\u0328zywanie konflikto\u0301w: pomie\u0328dzy uczniami pomie\u0328dzy grupami w klasie pomie\u0328dzy [&hellip;]\" \/>\n<meta property=\"og:url\" content=\"https:\/\/lindenpark.pl\/en\/szkoly-podstawowe\/\" \/>\n<meta property=\"og:site_name\" content=\"Lindenpark\" \/>\n<meta property=\"article:publisher\" content=\"https:\/\/www.facebook.com\/lindenpark.centrum\" \/>\n<meta property=\"article:modified_time\" content=\"2022-05-04T15:53:03+00:00\" \/>\n<meta property=\"og:image\" content=\"https:\/\/lindenpark.pl\/wp-content\/uploads\/2022\/04\/DSC0192-2-1-1024x680.jpg\" \/>\n<meta name=\"twitter:card\" content=\"summary_large_image\" \/>\n<meta name=\"twitter:site\" content=\"@KlockiLinden\" \/>\n<meta name=\"twitter:label1\" content=\"Estimated reading time\" \/>\n\t<meta name=\"twitter:data1\" content=\"1 minute\" \/>\n<script type=\"application\/ld+json\" class=\"yoast-schema-graph\">{\"@context\":\"https:\\\/\\\/schema.org\",\"@graph\":[{\"@type\":\"WebPage\",\"@id\":\"https:\\\/\\\/lindenpark.pl\\\/szkoly-podstawowe\\\/\",\"url\":\"https:\\\/\\\/lindenpark.pl\\\/szkoly-podstawowe\\\/\",\"name\":\"Szko\u0142y podstawowe - Lindenpark\",\"isPartOf\":{\"@id\":\"https:\\\/\\\/lindenpark.pl\\\/#website\"},\"primaryImageOfPage\":{\"@id\":\"https:\\\/\\\/lindenpark.pl\\\/szkoly-podstawowe\\\/#primaryimage\"},\"image\":{\"@id\":\"https:\\\/\\\/lindenpark.pl\\\/szkoly-podstawowe\\\/#primaryimage\"},\"thumbnailUrl\":\"https:\\\/\\\/lindenpark.pl\\\/wp-content\\\/uploads\\\/2022\\\/04\\\/DSC0192-2-1-1024x680.jpg\",\"datePublished\":\"2022-05-03T13:57:36+00:00\",\"dateModified\":\"2022-05-04T15:53:03+00:00\",\"breadcrumb\":{\"@id\":\"https:\\\/\\\/lindenpark.pl\\\/szkoly-podstawowe\\\/#breadcrumb\"},\"inLanguage\":\"en-GB\",\"potentialAction\":[{\"@type\":\"ReadAction\",\"target\":[\"https:\\\/\\\/lindenpark.pl\\\/szkoly-podstawowe\\\/\"]}]},{\"@type\":\"ImageObject\",\"inLanguage\":\"en-GB\",\"@id\":\"https:\\\/\\\/lindenpark.pl\\\/szkoly-podstawowe\\\/#primaryimage\",\"url\":\"https:\\\/\\\/lindenpark.pl\\\/wp-content\\\/uploads\\\/2022\\\/04\\\/DSC0192-2-1-1024x680.jpg\",\"contentUrl\":\"https:\\\/\\\/lindenpark.pl\\\/wp-content\\\/uploads\\\/2022\\\/04\\\/DSC0192-2-1-1024x680.jpg\"},{\"@type\":\"BreadcrumbList\",\"@id\":\"https:\\\/\\\/lindenpark.pl\\\/szkoly-podstawowe\\\/#breadcrumb\",\"itemListElement\":[{\"@type\":\"ListItem\",\"position\":1,\"name\":\"Strona g\u0142\u00f3wna\",\"item\":\"https:\\\/\\\/lindenpark.pl\\\/\"},{\"@type\":\"ListItem\",\"position\":2,\"name\":\"Szko\u0142y podstawowe\"}]},{\"@type\":\"WebSite\",\"@id\":\"https:\\\/\\\/lindenpark.pl\\\/#website\",\"url\":\"https:\\\/\\\/lindenpark.pl\\\/\",\"name\":\"Lindenpark - centrum kreatywnej zabawy\",\"description\":\"\",\"publisher\":{\"@id\":\"https:\\\/\\\/lindenpark.pl\\\/#organization\"},\"potentialAction\":[{\"@type\":\"SearchAction\",\"target\":{\"@type\":\"EntryPoint\",\"urlTemplate\":\"https:\\\/\\\/lindenpark.pl\\\/?s={search_term_string}\"},\"query-input\":{\"@type\":\"PropertyValueSpecification\",\"valueRequired\":true,\"valueName\":\"search_term_string\"}}],\"inLanguage\":\"en-GB\"},{\"@type\":\"Organization\",\"@id\":\"https:\\\/\\\/lindenpark.pl\\\/#organization\",\"name\":\"Lindenpark - centrum kreatywnej zabawy\",\"url\":\"https:\\\/\\\/lindenpark.pl\\\/\",\"logo\":{\"@type\":\"ImageObject\",\"inLanguage\":\"en-GB\",\"@id\":\"https:\\\/\\\/lindenpark.pl\\\/#\\\/schema\\\/logo\\\/image\\\/\",\"url\":\"https:\\\/\\\/lindenpark.pl\\\/wp-content\\\/uploads\\\/2022\\\/04\\\/lindenpark-logomobile.png\",\"contentUrl\":\"https:\\\/\\\/lindenpark.pl\\\/wp-content\\\/uploads\\\/2022\\\/04\\\/lindenpark-logomobile.png\",\"width\":150,\"height\":85,\"caption\":\"Lindenpark - centrum kreatywnej zabawy\"},\"image\":{\"@id\":\"https:\\\/\\\/lindenpark.pl\\\/#\\\/schema\\\/logo\\\/image\\\/\"},\"sameAs\":[\"https:\\\/\\\/www.facebook.com\\\/lindenpark.centrum\",\"https:\\\/\\\/x.com\\\/KlockiLinden\"]}]}<\/script>\n<!-- \/ Yoast SEO plugin. -->","yoast_head_json":{"title":"Szko\u0142y podstawowe - Lindenpark","robots":{"index":"index","follow":"follow","max-snippet":"max-snippet:-1","max-image-preview":"max-image-preview:large","max-video-preview":"max-video-preview:-1"},"canonical":"https:\/\/lindenpark.pl\/en\/szkoly-podstawowe\/","og_locale":"en_GB","og_type":"article","og_title":"Szko\u0142y podstawowe - Lindenpark","og_description":"Dla kogo? Dla nauczycieli: nauczania pocza\u0328tkowego szko\u0301\u0142 podstawowychklas licealnychtechniko\u0301w zawodowych Cele zaje\u0328c\u0301: Intensywna integracja: ca\u0142ej klasy\/grupyucznio\u0301w niezintegrowanych wykluczonych ucznio\u0301w rywalizuja\u0328cych klas Rozwia\u0328zywanie konflikto\u0301w: pomie\u0328dzy uczniami pomie\u0328dzy grupami w klasie pomie\u0328dzy [&hellip;]","og_url":"https:\/\/lindenpark.pl\/en\/szkoly-podstawowe\/","og_site_name":"Lindenpark","article_publisher":"https:\/\/www.facebook.com\/lindenpark.centrum","article_modified_time":"2022-05-04T15:53:03+00:00","og_image":[{"url":"https:\/\/lindenpark.pl\/wp-content\/uploads\/2022\/04\/DSC0192-2-1-1024x680.jpg","type":"","width":"","height":""}],"twitter_card":"summary_large_image","twitter_site":"@KlockiLinden","twitter_misc":{"Estimated reading time":"1 minute"},"schema":{"@context":"https:\/\/schema.org","@graph":[{"@type":"WebPage","@id":"https:\/\/lindenpark.pl\/szkoly-podstawowe\/","url":"https:\/\/lindenpark.pl\/szkoly-podstawowe\/","name":"Szko\u0142y podstawowe - Lindenpark","isPartOf":{"@id":"https:\/\/lindenpark.pl\/#website"},"primaryImageOfPage":{"@id":"https:\/\/lindenpark.pl\/szkoly-podstawowe\/#primaryimage"},"image":{"@id":"https:\/\/lindenpark.pl\/szkoly-podstawowe\/#primaryimage"},"thumbnailUrl":"https:\/\/lindenpark.pl\/wp-content\/uploads\/2022\/04\/DSC0192-2-1-1024x680.jpg","datePublished":"2022-05-03T13:57:36+00:00","dateModified":"2022-05-04T15:53:03+00:00","breadcrumb":{"@id":"https:\/\/lindenpark.pl\/szkoly-podstawowe\/#breadcrumb"},"inLanguage":"en-GB","potentialAction":[{"@type":"ReadAction","target":["https:\/\/lindenpark.pl\/szkoly-podstawowe\/"]}]},{"@type":"ImageObject","inLanguage":"en-GB","@id":"https:\/\/lindenpark.pl\/szkoly-podstawowe\/#primaryimage","url":"https:\/\/lindenpark.pl\/wp-content\/uploads\/2022\/04\/DSC0192-2-1-1024x680.jpg","contentUrl":"https:\/\/lindenpark.pl\/wp-content\/uploads\/2022\/04\/DSC0192-2-1-1024x680.jpg"},{"@type":"BreadcrumbList","@id":"https:\/\/lindenpark.pl\/szkoly-podstawowe\/#breadcrumb","itemListElement":[{"@type":"ListItem","position":1,"name":"Strona g\u0142\u00f3wna","item":"https:\/\/lindenpark.pl\/"},{"@type":"ListItem","position":2,"name":"Szko\u0142y podstawowe"}]},{"@type":"WebSite","@id":"https:\/\/lindenpark.pl\/#website","url":"https:\/\/lindenpark.pl\/","name":"Lindenpark - centrum kreatywnej zabawy","description":"","publisher":{"@id":"https:\/\/lindenpark.pl\/#organization"},"potentialAction":[{"@type":"SearchAction","target":{"@type":"EntryPoint","urlTemplate":"https:\/\/lindenpark.pl\/?s={search_term_string}"},"query-input":{"@type":"PropertyValueSpecification","valueRequired":true,"valueName":"search_term_string"}}],"inLanguage":"en-GB"},{"@type":"Organization","@id":"https:\/\/lindenpark.pl\/#organization","name":"Lindenpark - centrum kreatywnej zabawy","url":"https:\/\/lindenpark.pl\/","logo":{"@type":"ImageObject","inLanguage":"en-GB","@id":"https:\/\/lindenpark.pl\/#\/schema\/logo\/image\/","url":"https:\/\/lindenpark.pl\/wp-content\/uploads\/2022\/04\/lindenpark-logomobile.png","contentUrl":"https:\/\/lindenpark.pl\/wp-content\/uploads\/2022\/04\/lindenpark-logomobile.png","width":150,"height":85,"caption":"Lindenpark - centrum kreatywnej zabawy"},"image":{"@id":"https:\/\/lindenpark.pl\/#\/schema\/logo\/image\/"},"sameAs":["https:\/\/www.facebook.com\/lindenpark.centrum","https:\/\/x.com\/KlockiLinden"]}]}},"ticketed":false,"_links":{"self":[{"href":"https:\/\/lindenpark.pl\/en\/wp-json\/wp\/v2\/pages\/9413","targetHints":{"allow":["GET"]}}],"collection":[{"href":"https:\/\/lindenpark.pl\/en\/wp-json\/wp\/v2\/pages"}],"about":[{"href":"https:\/\/lindenpark.pl\/en\/wp-json\/wp\/v2\/types\/page"}],"author":[{"embeddable":true,"href":"https:\/\/lindenpark.pl\/en\/wp-json\/wp\/v2\/users\/5"}],"replies":[{"embeddable":true,"href":"https:\/\/lindenpark.pl\/en\/wp-json\/wp\/v2\/comments?post=9413"}],"version-history":[{"count":0,"href":"https:\/\/lindenpark.pl\/en\/wp-json\/wp\/v2\/pages\/9413\/revisions"}],"wp:attachment":[{"href":"https:\/\/lindenpark.pl\/en\/wp-json\/wp\/v2\/media?parent=9413"}],"curies":[{"name":"wp","href":"https:\/\/api.w.org\/{rel}","templated":true}]}}