{"id":1461,"date":"2020-06-02T08:49:29","date_gmt":"2020-06-02T08:49:29","guid":{"rendered":"https:\/\/playroom.qodeinteractive.com\/?page_id=1461"},"modified":"2025-10-27T21:26:12","modified_gmt":"2025-10-27T20:26:12","slug":"contact-us","status":"publish","type":"page","link":"https:\/\/lindenpark.pl\/en\/contact-us\/","title":{"rendered":"Contact"},"content":{"rendered":"<div data-elementor-type=\"wp-page\" data-elementor-id=\"1461\" class=\"elementor elementor-1461\" data-elementor-settings=\"{&quot;ha_cmc_init_switcher&quot;:&quot;no&quot;}\">\n\t\t\t\t\t\t<section class=\"elementor-section elementor-top-section elementor-element elementor-element-4845ee0 elementor-section-full_width elementor-section-height-default elementor-section-height-default qodef-elementor-content-no\" data-id=\"4845ee0\" data-element_type=\"section\" data-settings=\"{&quot;_ha_eqh_enable&quot;:false}\">\n\t\t\t\t\t\t<div class=\"elementor-container elementor-column-gap-default\">\n\t\t\t\t\t<div class=\"elementor-column elementor-col-100 elementor-top-column elementor-element elementor-element-cb04cfd\" data-id=\"cb04cfd\" data-element_type=\"column\">\n\t\t\t<div class=\"elementor-widget-wrap elementor-element-populated\">\n\t\t\t\t\t\t<div class=\"elementor-element elementor-element-d4409a8 elementor-widget elementor-widget-playroom_core_google_map\" data-id=\"d4409a8\" data-element_type=\"widget\" data-widget_type=\"playroom_core_google_map.default\">\n\t\t\t\t<div class=\"elementor-widget-container\">\n\t\t\t\t\t<div class=\"qodef-shortcode qodef-m  qodef-google-map\">\n\t<div class=\"qodef-m-map\" id=\"qodef-map-id--754\" data-addresses='[\"702-706 9th Ave New York, NY 10019\"]' data-pin=\"https:\/\/lindenpark.pl\/wp-content\/uploads\/2020\/08\/map-pin.png\" data-unique-id=\"754\" data-height=\"608px\"><\/div>\n<\/div>\t\t\t\t<\/div>\n\t\t\t\t<\/div>\n\t\t\t\t\t<\/div>\n\t\t<\/div>\n\t\t\t\t\t<\/div>\n\t\t<\/section>\n\t\t\t\t<section class=\"elementor-section elementor-top-section elementor-element elementor-element-dad4b33 qodef-elementor-content-grid elementor-section-boxed elementor-section-height-default elementor-section-height-default\" data-id=\"dad4b33\" data-element_type=\"section\" data-settings=\"{&quot;_ha_eqh_enable&quot;:false}\">\n\t\t\t\t\t\t<div class=\"elementor-container elementor-column-gap-default\">\n\t\t\t\t\t<div class=\"elementor-column elementor-col-50 elementor-top-column elementor-element elementor-element-76fd389\" data-id=\"76fd389\" data-element_type=\"column\">\n\t\t\t<div class=\"elementor-widget-wrap elementor-element-populated\">\n\t\t\t\t\t\t<div class=\"elementor-element elementor-element-320de83 elementor-widget elementor-widget-playroom_core_section_title\" data-id=\"320de83\" data-element_type=\"widget\" data-widget_type=\"playroom_core_section_title.default\">\n\t\t\t\t<div class=\"elementor-widget-container\">\n\t\t\t\t\t<div class=\"qodef-shortcode qodef-m  qodef-section-title qodef-alignment--left\">\n    \t\t<h2 class=\"qodef-m-title\" style=\"color: #F2AFA0\">\n\t\t\t\t\tContact us\t\t\t<\/h2>\n\t\t<p class=\"qodef-m-text\" style=\"margin-top: 13px\">Linden Park to najwi\u0119ksza w Polsce strefa zabawy z drewnianymi klockami Linden. \nNa miejscu mo\u017cesz swobodnie budowa\u0107 lub zorganizowa\u0107 eventy, warsztaty, teambuilding lub urodziny. \nChcesz dowiedzie\u0107 si\u0119 wi\u0119cej o Linden Park? Zadzwo\u0144 i zapytaj o nasz\u0105 ofert\u0119. <\/p>\n<\/div>\t\t\t\t<\/div>\n\t\t\t\t<\/div>\n\t\t\t\t<div class=\"elementor-element elementor-element-a3d1add elementor-widget elementor-widget-html\" data-id=\"a3d1add\" data-element_type=\"widget\" data-widget_type=\"html.default\">\n\t\t\t\t<div class=\"elementor-widget-container\">\n\t\t\t\t\t<link href=\"https:\/\/fonts.googleapis.com\/css2?family=Poppins:wght@400;600&display=swap\" rel=\"stylesheet\">\r\n<link href=\"https:\/\/cdnjs.cloudflare.com\/ajax\/libs\/font-awesome\/6.5.0\/css\/all.min.css\" rel=\"stylesheet\">\r\n\r\n<div class=\"contact-card\">\r\n  <h3>Aleja Bielany<\/h3>\r\n\r\n  <address class=\"contact-row\">\r\n    <i class=\"fa-solid fa-location-dot\"><\/i>\r\n    <span>Czekoladowa 7\/9, 55-040 Bielany Wroc\u0142awskie<\/span>\r\n  <\/address>\r\n\r\n  <a class=\"contact-row\" href=\"tel:+48573009006\">\r\n    <i class=\"fa-solid fa-phone\"><\/i>\r\n    +48 573 009 006\r\n  <\/a>\r\n\r\n  <a class=\"contact-row\" href=\"mailto:kontakt@lindenpark.pl\">\r\n    <i class=\"fa-solid fa-envelope\"><\/i>\r\n    kontakt@lindenpark.pl\r\n  <\/a>\r\n<\/div>\r\n\r\n<style>\r\n  .contact-card{\r\n    font-family:\"Poppins\",sans-serif;\r\n    background:#fff;\r\n    border-radius:16px;\r\n    box-shadow:0 4px 15px rgba(0,0,0,.08);\r\n    padding:1.5rem;\r\n    max-width:420px;\r\n  }\r\n\r\n  .contact-card h3{\r\n    font-size:1.4rem;\r\n    margin-bottom:1rem;\r\n    font-weight:600;\r\n    color:#333;\r\n  }\r\n\r\n  .contact-row{\r\n    display:flex;\r\n    align-items:center;\r\n    gap:.75rem;\r\n    padding:.75rem 1rem;\r\n    border:1px solid #eee;\r\n    border-radius:12px;\r\n    margin-bottom:.75rem;\r\n    color:#333;\r\n    text-decoration:none;\r\n    transition:.2s;\r\n    background:#fafafa;\r\n  }\r\n\r\n  .contact-row:hover{\r\n    border-color:#ff9aa2;\r\n    box-shadow:0 3px 10px rgba(0,0,0,.05);\r\n    transform:translateY(-2px);\r\n  }\r\n\r\n  .contact-row i{\r\n    color:#ff9aa2;\r\n    font-size:1rem;\r\n    width:20px;\r\n    text-align:center;\r\n  }\r\n\r\n  address.contact-row{\r\n    font-style:normal;\r\n    pointer-events:none;\r\n  }\r\n<\/style>\r\n\t\t\t\t<\/div>\n\t\t\t\t<\/div>\n\t\t\t\t\t<\/div>\n\t\t<\/div>\n\t\t\t\t<div class=\"elementor-column elementor-col-50 elementor-top-column elementor-element elementor-element-fa59232\" data-id=\"fa59232\" data-element_type=\"column\">\n\t\t\t<div class=\"elementor-widget-wrap elementor-element-populated\">\n\t\t\t\t\t\t<div class=\"elementor-element elementor-element-ecfe9bb elementor-widget__width-auto elementor-absolute elementor-arrows-position-inside elementor-pagination-position-outside elementor-widget elementor-widget-image-carousel\" data-id=\"ecfe9bb\" data-element_type=\"widget\" data-settings=\"{&quot;slides_to_show&quot;:&quot;1&quot;,&quot;_position&quot;:&quot;absolute&quot;,&quot;navigation&quot;:&quot;both&quot;,&quot;autoplay&quot;:&quot;yes&quot;,&quot;pause_on_hover&quot;:&quot;yes&quot;,&quot;pause_on_interaction&quot;:&quot;yes&quot;,&quot;autoplay_speed&quot;:5000,&quot;infinite&quot;:&quot;yes&quot;,&quot;effect&quot;:&quot;slide&quot;,&quot;speed&quot;:500}\" data-widget_type=\"image-carousel.default\">\n\t\t\t\t<div class=\"elementor-widget-container\">\n\t\t\t\t\t\t\t<div class=\"elementor-image-carousel-wrapper swiper\" role=\"region\" aria-roledescription=\"carousel\" aria-label=\"Karuzela obrazk\u00f3w\" dir=\"ltr\">\n\t\t\t<div class=\"elementor-image-carousel swiper-wrapper swiper-image-stretch\" aria-live=\"off\">\n\t\t\t\t\t\t\t\t<div class=\"swiper-slide\" role=\"group\" aria-roledescription=\"slide\" aria-label=\"1 z 4\"><figure class=\"swiper-slide-inner\"><img decoding=\"async\" class=\"swiper-slide-image\" src=\"https:\/\/lindenpark.pl\/wp-content\/uploads\/2025\/10\/AOS_3362_Easy-Resize.com_-1024x683.jpg\" alt=\"AOS_3362_Easy-Resize.com\" \/><\/figure><\/div><div class=\"swiper-slide\" role=\"group\" aria-roledescription=\"slide\" aria-label=\"2 z 4\"><figure class=\"swiper-slide-inner\"><img decoding=\"async\" class=\"swiper-slide-image\" src=\"https:\/\/lindenpark.pl\/wp-content\/uploads\/2025\/10\/AOS_3342_Easy-Resize.com_-1024x683.jpg\" alt=\"AOS_3342_Easy-Resize.com\" \/><\/figure><\/div><div class=\"swiper-slide\" role=\"group\" aria-roledescription=\"slide\" aria-label=\"3 z 4\"><figure class=\"swiper-slide-inner\"><img decoding=\"async\" class=\"swiper-slide-image\" src=\"https:\/\/lindenpark.pl\/wp-content\/uploads\/2025\/10\/AOS_3419_Easy-Resize.com_-1024x683.jpg\" alt=\"AOS_3419_Easy-Resize.com\" \/><\/figure><\/div><div class=\"swiper-slide\" role=\"group\" aria-roledescription=\"slide\" aria-label=\"4 z 4\"><figure class=\"swiper-slide-inner\"><img decoding=\"async\" class=\"swiper-slide-image\" src=\"https:\/\/lindenpark.pl\/wp-content\/uploads\/2025\/10\/AOS_3386_Easy-Resize.com_-1024x683.jpg\" alt=\"AOS_3386_Easy-Resize.com\" \/><\/figure><\/div>\t\t\t<\/div>\n\t\t\t\t\t\t\t\t\t\t\t\t<div class=\"elementor-swiper-button elementor-swiper-button-prev\" role=\"button\" tabindex=\"0\">\n\t\t\t\t\t\t<i aria-hidden=\"true\" class=\"eicon-chevron-left\"><\/i>\t\t\t\t\t<\/div>\n\t\t\t\t\t<div class=\"elementor-swiper-button elementor-swiper-button-next\" role=\"button\" tabindex=\"0\">\n\t\t\t\t\t\t<i aria-hidden=\"true\" class=\"eicon-chevron-right\"><\/i>\t\t\t\t\t<\/div>\n\t\t\t\t\n\t\t\t\t\t\t\t\t\t<div class=\"swiper-pagination\"><\/div>\n\t\t\t\t\t\t\t\t\t<\/div>\n\t\t\t\t\t\t<\/div>\n\t\t\t\t<\/div>\n\t\t\t\t\t<\/div>\n\t\t<\/div>\n\t\t\t\t\t<\/div>\n\t\t<\/section>\n\t\t\t\t<\/div>","protected":false},"excerpt":{"rendered":"<p>Skontaktuj si\u0119 z nami Linden Park to najwi\u0119ksza w Polsce strefa zabawy z drewnianymi klockami Linden. Na miejscu mo\u017cesz swobodnie budowa\u0107 lub zorganizowa\u0107 eventy, warsztaty, teambuilding lub urodziny. Chcesz dowiedzie\u0107 [&hellip;]<\/p>","protected":false},"author":5,"featured_media":0,"parent":0,"menu_order":0,"comment_status":"closed","ping_status":"closed","template":"page-full-width.php","meta":{"_price":"","_stock":"","_tribe_ticket_header":"","_tribe_default_ticket_provider":"","_tribe_ticket_capacity":"0","_ticket_start_date":"","_ticket_end_date":"","_tribe_ticket_show_description":"","_tribe_ticket_show_not_going":false,"_tribe_ticket_use_global_stock":"","_tribe_ticket_global_stock_level":"","_global_stock_mode":"","_global_stock_cap":"","_tribe_rsvp_for_event":"","_tribe_ticket_going_count":"","_tribe_ticket_not_going_count":"","_tribe_tickets_list":"[]","_tribe_ticket_has_attendee_info_fields":false,"footnotes":"","_tec_slr_enabled":"","_tec_slr_layout":""},"class_list":["post-1461","page","type-page","status-publish","hentry"],"yoast_head":"<!-- This site is optimized with the Yoast SEO plugin v26.0 - https:\/\/yoast.com\/wordpress\/plugins\/seo\/ -->\n<title>Kontakt - Lindenpark<\/title>\n<meta name=\"robots\" content=\"index, follow, max-snippet:-1, max-image-preview:large, max-video-preview:-1\" \/>\n<link rel=\"canonical\" href=\"https:\/\/lindenpark.pl\/en\/contact-us\/\" \/>\n<meta property=\"og:locale\" content=\"en_GB\" \/>\n<meta property=\"og:type\" content=\"article\" \/>\n<meta property=\"og:title\" content=\"Kontakt - Lindenpark\" \/>\n<meta property=\"og:description\" content=\"Skontaktuj si\u0119 z nami Linden Park to najwi\u0119ksza w Polsce strefa zabawy z drewnianymi klockami Linden. Na miejscu mo\u017cesz swobodnie budowa\u0107 lub zorganizowa\u0107 eventy, warsztaty, teambuilding lub urodziny. Chcesz dowiedzie\u0107 [&hellip;]\" \/>\n<meta property=\"og:url\" content=\"https:\/\/lindenpark.pl\/en\/contact-us\/\" \/>\n<meta property=\"og:site_name\" content=\"Lindenpark\" \/>\n<meta property=\"article:publisher\" content=\"https:\/\/www.facebook.com\/lindenpark.centrum\" \/>\n<meta property=\"article:modified_time\" content=\"2025-10-27T20:26:12+00:00\" \/>\n<meta property=\"og:image\" content=\"https:\/\/lindenpark.pl\/wp-content\/uploads\/2025\/10\/AOS_3362_Easy-Resize.com_-1024x683.jpg\" \/>\n<meta name=\"twitter:card\" content=\"summary_large_image\" \/>\n<meta name=\"twitter:site\" content=\"@KlockiLinden\" \/>\n<meta name=\"twitter:label1\" content=\"Estimated reading time\" \/>\n\t<meta name=\"twitter:data1\" content=\"2 minutes\" \/>\n<script type=\"application\/ld+json\" class=\"yoast-schema-graph\">{\"@context\":\"https:\/\/schema.org\",\"@graph\":[{\"@type\":\"WebPage\",\"@id\":\"https:\/\/lindenpark.pl\/contact-us\/\",\"url\":\"https:\/\/lindenpark.pl\/contact-us\/\",\"name\":\"Kontakt - Lindenpark\",\"isPartOf\":{\"@id\":\"https:\/\/lindenpark.pl\/#website\"},\"primaryImageOfPage\":{\"@id\":\"https:\/\/lindenpark.pl\/contact-us\/#primaryimage\"},\"image\":{\"@id\":\"https:\/\/lindenpark.pl\/contact-us\/#primaryimage\"},\"thumbnailUrl\":\"https:\/\/lindenpark.pl\/wp-content\/uploads\/2025\/10\/AOS_3362_Easy-Resize.com_-1024x683.jpg\",\"datePublished\":\"2020-06-02T08:49:29+00:00\",\"dateModified\":\"2025-10-27T20:26:12+00:00\",\"breadcrumb\":{\"@id\":\"https:\/\/lindenpark.pl\/contact-us\/#breadcrumb\"},\"inLanguage\":\"en-GB\",\"potentialAction\":[{\"@type\":\"ReadAction\",\"target\":[\"https:\/\/lindenpark.pl\/contact-us\/\"]}]},{\"@type\":\"ImageObject\",\"inLanguage\":\"en-GB\",\"@id\":\"https:\/\/lindenpark.pl\/contact-us\/#primaryimage\",\"url\":\"https:\/\/lindenpark.pl\/wp-content\/uploads\/2025\/10\/AOS_3362_Easy-Resize.com_-1024x683.jpg\",\"contentUrl\":\"https:\/\/lindenpark.pl\/wp-content\/uploads\/2025\/10\/AOS_3362_Easy-Resize.com_-1024x683.jpg\"},{\"@type\":\"BreadcrumbList\",\"@id\":\"https:\/\/lindenpark.pl\/contact-us\/#breadcrumb\",\"itemListElement\":[{\"@type\":\"ListItem\",\"position\":1,\"name\":\"Strona g\u0142\u00f3wna\",\"item\":\"https:\/\/lindenpark.pl\/\"},{\"@type\":\"ListItem\",\"position\":2,\"name\":\"Kontakt\"}]},{\"@type\":\"WebSite\",\"@id\":\"https:\/\/lindenpark.pl\/#website\",\"url\":\"https:\/\/lindenpark.pl\/\",\"name\":\"Lindenpark - centrum kreatywnej zabawy\",\"description\":\"\",\"publisher\":{\"@id\":\"https:\/\/lindenpark.pl\/#organization\"},\"potentialAction\":[{\"@type\":\"SearchAction\",\"target\":{\"@type\":\"EntryPoint\",\"urlTemplate\":\"https:\/\/lindenpark.pl\/?s={search_term_string}\"},\"query-input\":{\"@type\":\"PropertyValueSpecification\",\"valueRequired\":true,\"valueName\":\"search_term_string\"}}],\"inLanguage\":\"en-GB\"},{\"@type\":\"Organization\",\"@id\":\"https:\/\/lindenpark.pl\/#organization\",\"name\":\"Lindenpark - centrum kreatywnej zabawy\",\"url\":\"https:\/\/lindenpark.pl\/\",\"logo\":{\"@type\":\"ImageObject\",\"inLanguage\":\"en-GB\",\"@id\":\"https:\/\/lindenpark.pl\/#\/schema\/logo\/image\/\",\"url\":\"https:\/\/lindenpark.pl\/wp-content\/uploads\/2022\/04\/lindenpark-logomobile.png\",\"contentUrl\":\"https:\/\/lindenpark.pl\/wp-content\/uploads\/2022\/04\/lindenpark-logomobile.png\",\"width\":150,\"height\":85,\"caption\":\"Lindenpark - centrum kreatywnej zabawy\"},\"image\":{\"@id\":\"https:\/\/lindenpark.pl\/#\/schema\/logo\/image\/\"},\"sameAs\":[\"https:\/\/www.facebook.com\/lindenpark.centrum\",\"https:\/\/x.com\/KlockiLinden\"]}]}<\/script>\n<!-- \/ Yoast SEO plugin. -->","yoast_head_json":{"title":"Kontakt - Lindenpark","robots":{"index":"index","follow":"follow","max-snippet":"max-snippet:-1","max-image-preview":"max-image-preview:large","max-video-preview":"max-video-preview:-1"},"canonical":"https:\/\/lindenpark.pl\/en\/contact-us\/","og_locale":"en_GB","og_type":"article","og_title":"Kontakt - Lindenpark","og_description":"Skontaktuj si\u0119 z nami Linden Park to najwi\u0119ksza w Polsce strefa zabawy z drewnianymi klockami Linden. Na miejscu mo\u017cesz swobodnie budowa\u0107 lub zorganizowa\u0107 eventy, warsztaty, teambuilding lub urodziny. Chcesz dowiedzie\u0107 [&hellip;]","og_url":"https:\/\/lindenpark.pl\/en\/contact-us\/","og_site_name":"Lindenpark","article_publisher":"https:\/\/www.facebook.com\/lindenpark.centrum","article_modified_time":"2025-10-27T20:26:12+00:00","og_image":[{"url":"https:\/\/lindenpark.pl\/wp-content\/uploads\/2025\/10\/AOS_3362_Easy-Resize.com_-1024x683.jpg","type":"","width":"","height":""}],"twitter_card":"summary_large_image","twitter_site":"@KlockiLinden","twitter_misc":{"Estimated reading time":"2 minutes"},"schema":{"@context":"https:\/\/schema.org","@graph":[{"@type":"WebPage","@id":"https:\/\/lindenpark.pl\/contact-us\/","url":"https:\/\/lindenpark.pl\/contact-us\/","name":"Kontakt - Lindenpark","isPartOf":{"@id":"https:\/\/lindenpark.pl\/#website"},"primaryImageOfPage":{"@id":"https:\/\/lindenpark.pl\/contact-us\/#primaryimage"},"image":{"@id":"https:\/\/lindenpark.pl\/contact-us\/#primaryimage"},"thumbnailUrl":"https:\/\/lindenpark.pl\/wp-content\/uploads\/2025\/10\/AOS_3362_Easy-Resize.com_-1024x683.jpg","datePublished":"2020-06-02T08:49:29+00:00","dateModified":"2025-10-27T20:26:12+00:00","breadcrumb":{"@id":"https:\/\/lindenpark.pl\/contact-us\/#breadcrumb"},"inLanguage":"en-GB","potentialAction":[{"@type":"ReadAction","target":["https:\/\/lindenpark.pl\/contact-us\/"]}]},{"@type":"ImageObject","inLanguage":"en-GB","@id":"https:\/\/lindenpark.pl\/contact-us\/#primaryimage","url":"https:\/\/lindenpark.pl\/wp-content\/uploads\/2025\/10\/AOS_3362_Easy-Resize.com_-1024x683.jpg","contentUrl":"https:\/\/lindenpark.pl\/wp-content\/uploads\/2025\/10\/AOS_3362_Easy-Resize.com_-1024x683.jpg"},{"@type":"BreadcrumbList","@id":"https:\/\/lindenpark.pl\/contact-us\/#breadcrumb","itemListElement":[{"@type":"ListItem","position":1,"name":"Strona g\u0142\u00f3wna","item":"https:\/\/lindenpark.pl\/"},{"@type":"ListItem","position":2,"name":"Kontakt"}]},{"@type":"WebSite","@id":"https:\/\/lindenpark.pl\/#website","url":"https:\/\/lindenpark.pl\/","name":"Lindenpark - centrum kreatywnej zabawy","description":"","publisher":{"@id":"https:\/\/lindenpark.pl\/#organization"},"potentialAction":[{"@type":"SearchAction","target":{"@type":"EntryPoint","urlTemplate":"https:\/\/lindenpark.pl\/?s={search_term_string}"},"query-input":{"@type":"PropertyValueSpecification","valueRequired":true,"valueName":"search_term_string"}}],"inLanguage":"en-GB"},{"@type":"Organization","@id":"https:\/\/lindenpark.pl\/#organization","name":"Lindenpark - centrum kreatywnej zabawy","url":"https:\/\/lindenpark.pl\/","logo":{"@type":"ImageObject","inLanguage":"en-GB","@id":"https:\/\/lindenpark.pl\/#\/schema\/logo\/image\/","url":"https:\/\/lindenpark.pl\/wp-content\/uploads\/2022\/04\/lindenpark-logomobile.png","contentUrl":"https:\/\/lindenpark.pl\/wp-content\/uploads\/2022\/04\/lindenpark-logomobile.png","width":150,"height":85,"caption":"Lindenpark - centrum kreatywnej zabawy"},"image":{"@id":"https:\/\/lindenpark.pl\/#\/schema\/logo\/image\/"},"sameAs":["https:\/\/www.facebook.com\/lindenpark.centrum","https:\/\/x.com\/KlockiLinden"]}]}},"ticketed":false,"_links":{"self":[{"href":"https:\/\/lindenpark.pl\/en\/wp-json\/wp\/v2\/pages\/1461","targetHints":{"allow":["GET"]}}],"collection":[{"href":"https:\/\/lindenpark.pl\/en\/wp-json\/wp\/v2\/pages"}],"about":[{"href":"https:\/\/lindenpark.pl\/en\/wp-json\/wp\/v2\/types\/page"}],"author":[{"embeddable":true,"href":"https:\/\/lindenpark.pl\/en\/wp-json\/wp\/v2\/users\/5"}],"replies":[{"embeddable":true,"href":"https:\/\/lindenpark.pl\/en\/wp-json\/wp\/v2\/comments?post=1461"}],"version-history":[{"count":33,"href":"https:\/\/lindenpark.pl\/en\/wp-json\/wp\/v2\/pages\/1461\/revisions"}],"predecessor-version":[{"id":15071,"href":"https:\/\/lindenpark.pl\/en\/wp-json\/wp\/v2\/pages\/1461\/revisions\/15071"}],"wp:attachment":[{"href":"https:\/\/lindenpark.pl\/en\/wp-json\/wp\/v2\/media?parent=1461"}],"curies":[{"name":"wp","href":"https:\/\/api.w.org\/{rel}","templated":true}]}}