{"id":13689,"date":"2025-01-21T11:04:10","date_gmt":"2025-01-21T10:04:10","guid":{"rendered":"https:\/\/lindenpark.pl\/?page_id=13689"},"modified":"2025-10-15T08:51:10","modified_gmt":"2025-10-15T06:51:10","slug":"linden-park-ostrzeszow","status":"publish","type":"page","link":"https:\/\/lindenpark.pl\/en\/linden-park-ostrzeszow\/","title":{"rendered":"Linden Park Ostrzesz\u00f3w"},"content":{"rendered":"<div data-elementor-type=\"wp-page\" data-elementor-id=\"13689\" class=\"elementor elementor-13689\" data-elementor-settings=\"{&quot;ha_cmc_init_switcher&quot;:&quot;no&quot;}\">\n\t\t\t\t\t\t<section class=\"elementor-section elementor-top-section elementor-element elementor-element-43d65d9 elementor-section-boxed elementor-section-height-default elementor-section-height-default qodef-elementor-content-no\" data-id=\"43d65d9\" data-element_type=\"section\" data-settings=\"{&quot;_ha_eqh_enable&quot;:false}\">\n\t\t\t\t\t\t<div class=\"elementor-container elementor-column-gap-default\">\n\t\t\t\t\t<div class=\"elementor-column elementor-col-100 elementor-top-column elementor-element elementor-element-686228b\" data-id=\"686228b\" data-element_type=\"column\">\n\t\t\t<div class=\"elementor-widget-wrap elementor-element-populated\">\n\t\t\t\t\t\t<div class=\"elementor-element elementor-element-e2a152b elementor-widget elementor-widget-spacer\" data-id=\"e2a152b\" data-element_type=\"widget\" data-widget_type=\"spacer.default\">\n\t\t\t\t<div class=\"elementor-widget-container\">\n\t\t\t\t\t\t\t<div class=\"elementor-spacer\">\n\t\t\t<div class=\"elementor-spacer-inner\"><\/div>\n\t\t<\/div>\n\t\t\t\t\t\t<\/div>\n\t\t\t\t<\/div>\n\t\t\t\t<div class=\"elementor-element elementor-element-5589e23 elementor-widget elementor-widget-html\" data-id=\"5589e23\" data-element_type=\"widget\" data-widget_type=\"html.default\">\n\t\t\t\t<div class=\"elementor-widget-container\">\n\t\t\t\t\t<section class=\"hero-section\">\r\n  <div class=\"hero-overlay\">\r\n    <div class=\"hero-text\">\r\n      <h1>Ju\u017c otwarte!<\/h1>\r\n      <p>Linden Park Ostrzesz\u00f3w w Galerii Borek<\/p>\r\n    <\/div>\r\n  <\/div>\r\n<\/section>\r\n\r\n<style>\r\n.hero-section {\r\n  position: relative;\r\n  background: url('https:\/\/lindenpark.pl\/wp-content\/uploads\/2025\/10\/AOS_4310-scaled.jpg') no-repeat center center\/cover;\r\n  height: 450px;\r\n  display: flex;\r\n  align-items: center;\r\n  justify-content: center;\r\n  text-align: center;\r\n  border-radius: 20px;\r\n  overflow: hidden;\r\n}\r\n\r\n.hero-overlay {\r\n  background: rgba(0, 0, 0, 0.5); \/* mocniejsze ciemne t\u0142o *\/\r\n  padding: 40px 60px;\r\n  border-radius: 15px;\r\n  z-index: 2;\r\n}\r\n\r\n.hero-text h1 {\r\n  font-size: 46px;\r\n  color: #ffffff;\r\n  font-weight: 700;\r\n  margin-bottom: 15px;\r\n}\r\n\r\n.hero-text p {\r\n  font-size: 24px;\r\n  color: #f7a89e;\r\n  font-weight: 500;\r\n}\r\n\r\n@media (max-width: 768px) {\r\n  .hero-section {\r\n    height: auto;\r\n    padding: 60px 20px;\r\n  }\r\n  .hero-text h1 {\r\n    font-size: 32px;\r\n  }\r\n  .hero-text p {\r\n    font-size: 20px;\r\n  }\r\n}\r\n<\/style>\r\n\t\t\t\t<\/div>\n\t\t\t\t<\/div>\n\t\t\t\t\t<\/div>\n\t\t<\/div>\n\t\t\t\t\t<\/div>\n\t\t<\/section>\n\t\t\t\t<section class=\"elementor-section elementor-top-section elementor-element elementor-element-1d64599 elementor-section-boxed elementor-section-height-default elementor-section-height-default qodef-elementor-content-no\" data-id=\"1d64599\" data-element_type=\"section\" data-settings=\"{&quot;_ha_eqh_enable&quot;:false}\">\n\t\t\t\t\t\t<div class=\"elementor-container elementor-column-gap-default\">\n\t\t\t\t\t<div class=\"elementor-column elementor-col-100 elementor-top-column elementor-element elementor-element-3fc80cc\" data-id=\"3fc80cc\" data-element_type=\"column\">\n\t\t\t<div class=\"elementor-widget-wrap elementor-element-populated\">\n\t\t\t\t\t\t<div class=\"elementor-element elementor-element-750620d elementor-widget elementor-widget-html\" data-id=\"750620d\" data-element_type=\"widget\" data-widget_type=\"html.default\">\n\t\t\t\t<div class=\"elementor-widget-container\">\n\t\t\t\t\t<!-- Font Poppins + Font Awesome -->\r\n<link href=\"https:\/\/fonts.googleapis.com\/css2?family=Poppins:wght@400;600&display=swap\" rel=\"stylesheet\">\r\n<link href=\"https:\/\/cdnjs.cloudflare.com\/ajax\/libs\/font-awesome\/6.5.0\/css\/all.min.css\" rel=\"stylesheet\">\r\n\r\n<style>\r\n  .franchise-section {\r\n    display: flex;\r\n    flex-wrap: wrap;\r\n    gap: 40px;\r\n    align-items: center;\r\n    font-family: 'Poppins', sans-serif;\r\n    padding: 60px 20px;\r\n    max-width: 1200px;\r\n    margin: 0 auto;\r\n  }\r\n\r\n  .franchise-text {\r\n    flex: 1 1 500px;\r\n  }\r\n\r\n  .franchise-text h2 {\r\n    font-size: 28px;\r\n    color: #f6a89c;\r\n    font-weight: 600;\r\n    margin-bottom: 20px;\r\n  }\r\n\r\n  .franchise-text p {\r\n    font-size: 16px;\r\n    color: #333;\r\n    line-height: 1.7;\r\n    margin-bottom: 20px;\r\n  }\r\n\r\n  .franchise-text ul {\r\n    padding-left: 0;\r\n    list-style: none;\r\n    margin-bottom: 20px;\r\n  }\r\n\r\n  .franchise-text ul li {\r\n    font-size: 16px;\r\n    color: #333;\r\n    margin-bottom: 12px;\r\n    display: flex;\r\n    align-items: center;\r\n  }\r\n\r\n  .franchise-text ul li i {\r\n    color: #f6a89c;\r\n    margin-right: 10px;\r\n    min-width: 20px;\r\n    text-align: center;\r\n  }\r\n\r\n  .franchise-image {\r\n    flex: 1 1 400px;\r\n  }\r\n\r\n  .franchise-image img {\r\n    width: 100%;\r\n    height: auto;\r\n    border-radius: 16px;\r\n  }\r\n\r\n  @media (max-width: 768px) {\r\n    .franchise-section {\r\n      flex-direction: column;\r\n      text-align: left;\r\n    }\r\n  }\r\n<\/style>\r\n\r\n<section class=\"franchise-section\">\r\n  <div class=\"franchise-text\">\r\n    <h2>Nowa franczyza w Ostrzeszowie<\/h2>\r\n    <p>Nowa sala zabaw Linden Park o powierzchni 900 m\u00b2 to przestrze\u0144 zaprojektowana z my\u015bl\u0105 o edukacji, kreatywno\u015bci i ekologii. To miejsce stworzone z my\u015bl\u0105 o wszystkich dzieciach \u2013 zar\u00f3wno tych najm\u0142odszych, jak i starszych, r\u00f3wnie\u017c z niepe\u0142nosprawno\u015bciami. Dzi\u0119ki dostosowanym rozwi\u0105zaniom ka\u017cde dziecko znajdzie tu co\u015b dla siebie.<\/p>\r\n    \r\n    <ul>\r\n      <li><i class=\"fas fa-brain\"><\/i>Stacje sensoryczne i inspiracje metod\u0105 Montessori<\/li>\r\n      <li><i class=\"fas fa-cube\"><\/i>Najwi\u0119ksza w Polsce strefa klock\u00f3w Linden<\/li>\r\n      <li><i class=\"fas fa-graduation-cap\"><\/i>R\u00f3\u017cnorodne strefy edukacyjne<\/li>\r\n      <li><i class=\"fas fa-star\"><\/i>Kreatywne zabawy i wydarzenia tematyczne<\/li>\r\n      <li><i class=\"fas fa-heart\"><\/i>Rodzinna i wspieraj\u0105ca atmosfera<\/li>\r\n    <\/ul>\r\n\r\n    <p>Linden Park to miejsce, w kt\u00f3rym zabawa \u0142\u0105czy si\u0119 z nauk\u0105, kreatywno\u015bci\u0105 i blisko\u015bci\u0105 natury. Wszystko powsta\u0142o w oparciu o polsk\u0105 my\u015bl projektow\u0105 i najwy\u017csz\u0105 jako\u015b\u0107. Tworzymy przestrze\u0144, w kt\u00f3rej ka\u017cde dziecko czuje si\u0119 mile widziane.<\/p>\r\n\r\n    <p><strong>Lokalizacja:<\/strong> Ostrzesz\u00f3w, Galeria Borek, 1 pi\u0119tro<\/p>\r\n  <\/div>\r\n\r\n  <div class=\"franchise-image\">\r\n    <img decoding=\"async\" src=\"https:\/\/lindenpark.pl\/wp-content\/uploads\/2025\/10\/AOS_4306-scaled.jpg\" alt=\"Linden Park Ostrzesz\u00f3w\">\r\n  <\/div>\r\n<\/section>\r\n\t\t\t\t<\/div>\n\t\t\t\t<\/div>\n\t\t\t\t\t<\/div>\n\t\t<\/div>\n\t\t\t\t\t<\/div>\n\t\t<\/section>\n\t\t\t\t<\/div>","protected":false},"excerpt":{"rendered":"<p>Ju\u017c otwarte! Linden Park Ostrzesz\u00f3w w Galerii Borek Nowa franczyza w Ostrzeszowie Nowa sala zabaw Linden Park o powierzchni 900 m\u00b2 to przestrze\u0144 zaprojektowana z my\u015bl\u0105 o edukacji, kreatywno\u015bci i [&hellip;]<\/p>","protected":false},"author":6,"featured_media":0,"parent":0,"menu_order":0,"comment_status":"closed","ping_status":"closed","template":"","meta":{"_price":"","_stock":"","_tribe_ticket_header":"","_tribe_default_ticket_provider":"","_tribe_ticket_capacity":"0","_ticket_start_date":"","_ticket_end_date":"","_tribe_ticket_show_description":"","_tribe_ticket_show_not_going":false,"_tribe_ticket_use_global_stock":"","_tribe_ticket_global_stock_level":"","_global_stock_mode":"","_global_stock_cap":"","_tribe_rsvp_for_event":"","_tribe_ticket_going_count":"","_tribe_ticket_not_going_count":"","_tribe_tickets_list":"[]","_tribe_ticket_has_attendee_info_fields":false,"footnotes":"","_tec_slr_enabled":"","_tec_slr_layout":""},"class_list":["post-13689","page","type-page","status-publish","hentry"],"yoast_head":"<!-- This site is optimized with the Yoast SEO plugin v26.0 - https:\/\/yoast.com\/wordpress\/plugins\/seo\/ -->\n<title>Linden Park Ostrzesz\u00f3w - Lindenpark<\/title>\n<meta name=\"robots\" content=\"index, follow, max-snippet:-1, max-image-preview:large, max-video-preview:-1\" \/>\n<link rel=\"canonical\" href=\"https:\/\/lindenpark.pl\/en\/linden-park-ostrzeszow\/\" \/>\n<meta property=\"og:locale\" content=\"en_GB\" \/>\n<meta property=\"og:type\" content=\"article\" \/>\n<meta property=\"og:title\" content=\"Linden Park Ostrzesz\u00f3w - Lindenpark\" \/>\n<meta property=\"og:description\" content=\"Ju\u017c otwarte! Linden Park Ostrzesz\u00f3w w Galerii Borek Nowa franczyza w Ostrzeszowie Nowa sala zabaw Linden Park o powierzchni 900 m\u00b2 to przestrze\u0144 zaprojektowana z my\u015bl\u0105 o edukacji, kreatywno\u015bci i [&hellip;]\" \/>\n<meta property=\"og:url\" content=\"https:\/\/lindenpark.pl\/en\/linden-park-ostrzeszow\/\" \/>\n<meta property=\"og:site_name\" content=\"Lindenpark\" \/>\n<meta property=\"article:publisher\" content=\"https:\/\/www.facebook.com\/lindenpark.centrum\" \/>\n<meta property=\"article:modified_time\" content=\"2025-10-15T06:51:10+00:00\" \/>\n<meta property=\"og:image\" content=\"https:\/\/lindenpark.pl\/wp-content\/uploads\/2025\/10\/AOS_4306-scaled.jpg\" \/>\n<meta name=\"twitter:card\" content=\"summary_large_image\" \/>\n<meta name=\"twitter:site\" content=\"@KlockiLinden\" \/>\n<meta name=\"twitter:label1\" content=\"Estimated reading time\" \/>\n\t<meta name=\"twitter:data1\" content=\"1 minute\" \/>\n<script type=\"application\/ld+json\" class=\"yoast-schema-graph\">{\"@context\":\"https:\/\/schema.org\",\"@graph\":[{\"@type\":\"WebPage\",\"@id\":\"https:\/\/lindenpark.pl\/linden-park-ostrzeszow\/\",\"url\":\"https:\/\/lindenpark.pl\/linden-park-ostrzeszow\/\",\"name\":\"Linden Park Ostrzesz\u00f3w - Lindenpark\",\"isPartOf\":{\"@id\":\"https:\/\/lindenpark.pl\/#website\"},\"primaryImageOfPage\":{\"@id\":\"https:\/\/lindenpark.pl\/linden-park-ostrzeszow\/#primaryimage\"},\"image\":{\"@id\":\"https:\/\/lindenpark.pl\/linden-park-ostrzeszow\/#primaryimage\"},\"thumbnailUrl\":\"https:\/\/lindenpark.pl\/wp-content\/uploads\/2025\/10\/AOS_4306-scaled.jpg\",\"datePublished\":\"2025-01-21T10:04:10+00:00\",\"dateModified\":\"2025-10-15T06:51:10+00:00\",\"breadcrumb\":{\"@id\":\"https:\/\/lindenpark.pl\/linden-park-ostrzeszow\/#breadcrumb\"},\"inLanguage\":\"en-GB\",\"potentialAction\":[{\"@type\":\"ReadAction\",\"target\":[\"https:\/\/lindenpark.pl\/linden-park-ostrzeszow\/\"]}]},{\"@type\":\"ImageObject\",\"inLanguage\":\"en-GB\",\"@id\":\"https:\/\/lindenpark.pl\/linden-park-ostrzeszow\/#primaryimage\",\"url\":\"https:\/\/lindenpark.pl\/wp-content\/uploads\/2025\/10\/AOS_4306-scaled.jpg\",\"contentUrl\":\"https:\/\/lindenpark.pl\/wp-content\/uploads\/2025\/10\/AOS_4306-scaled.jpg\"},{\"@type\":\"BreadcrumbList\",\"@id\":\"https:\/\/lindenpark.pl\/linden-park-ostrzeszow\/#breadcrumb\",\"itemListElement\":[{\"@type\":\"ListItem\",\"position\":1,\"name\":\"Strona g\u0142\u00f3wna\",\"item\":\"https:\/\/lindenpark.pl\/\"},{\"@type\":\"ListItem\",\"position\":2,\"name\":\"Linden Park Ostrzesz\u00f3w\"}]},{\"@type\":\"WebSite\",\"@id\":\"https:\/\/lindenpark.pl\/#website\",\"url\":\"https:\/\/lindenpark.pl\/\",\"name\":\"Lindenpark - centrum kreatywnej zabawy\",\"description\":\"\",\"publisher\":{\"@id\":\"https:\/\/lindenpark.pl\/#organization\"},\"potentialAction\":[{\"@type\":\"SearchAction\",\"target\":{\"@type\":\"EntryPoint\",\"urlTemplate\":\"https:\/\/lindenpark.pl\/?s={search_term_string}\"},\"query-input\":{\"@type\":\"PropertyValueSpecification\",\"valueRequired\":true,\"valueName\":\"search_term_string\"}}],\"inLanguage\":\"en-GB\"},{\"@type\":\"Organization\",\"@id\":\"https:\/\/lindenpark.pl\/#organization\",\"name\":\"Lindenpark - centrum kreatywnej zabawy\",\"url\":\"https:\/\/lindenpark.pl\/\",\"logo\":{\"@type\":\"ImageObject\",\"inLanguage\":\"en-GB\",\"@id\":\"https:\/\/lindenpark.pl\/#\/schema\/logo\/image\/\",\"url\":\"https:\/\/lindenpark.pl\/wp-content\/uploads\/2022\/04\/lindenpark-logomobile.png\",\"contentUrl\":\"https:\/\/lindenpark.pl\/wp-content\/uploads\/2022\/04\/lindenpark-logomobile.png\",\"width\":150,\"height\":85,\"caption\":\"Lindenpark - centrum kreatywnej zabawy\"},\"image\":{\"@id\":\"https:\/\/lindenpark.pl\/#\/schema\/logo\/image\/\"},\"sameAs\":[\"https:\/\/www.facebook.com\/lindenpark.centrum\",\"https:\/\/x.com\/KlockiLinden\"]}]}<\/script>\n<!-- \/ Yoast SEO plugin. -->","yoast_head_json":{"title":"Linden Park Ostrzesz\u00f3w - Lindenpark","robots":{"index":"index","follow":"follow","max-snippet":"max-snippet:-1","max-image-preview":"max-image-preview:large","max-video-preview":"max-video-preview:-1"},"canonical":"https:\/\/lindenpark.pl\/en\/linden-park-ostrzeszow\/","og_locale":"en_GB","og_type":"article","og_title":"Linden Park Ostrzesz\u00f3w - Lindenpark","og_description":"Ju\u017c otwarte! Linden Park Ostrzesz\u00f3w w Galerii Borek Nowa franczyza w Ostrzeszowie Nowa sala zabaw Linden Park o powierzchni 900 m\u00b2 to przestrze\u0144 zaprojektowana z my\u015bl\u0105 o edukacji, kreatywno\u015bci i [&hellip;]","og_url":"https:\/\/lindenpark.pl\/en\/linden-park-ostrzeszow\/","og_site_name":"Lindenpark","article_publisher":"https:\/\/www.facebook.com\/lindenpark.centrum","article_modified_time":"2025-10-15T06:51:10+00:00","og_image":[{"url":"https:\/\/lindenpark.pl\/wp-content\/uploads\/2025\/10\/AOS_4306-scaled.jpg","type":"","width":"","height":""}],"twitter_card":"summary_large_image","twitter_site":"@KlockiLinden","twitter_misc":{"Estimated reading time":"1 minute"},"schema":{"@context":"https:\/\/schema.org","@graph":[{"@type":"WebPage","@id":"https:\/\/lindenpark.pl\/linden-park-ostrzeszow\/","url":"https:\/\/lindenpark.pl\/linden-park-ostrzeszow\/","name":"Linden Park Ostrzesz\u00f3w - Lindenpark","isPartOf":{"@id":"https:\/\/lindenpark.pl\/#website"},"primaryImageOfPage":{"@id":"https:\/\/lindenpark.pl\/linden-park-ostrzeszow\/#primaryimage"},"image":{"@id":"https:\/\/lindenpark.pl\/linden-park-ostrzeszow\/#primaryimage"},"thumbnailUrl":"https:\/\/lindenpark.pl\/wp-content\/uploads\/2025\/10\/AOS_4306-scaled.jpg","datePublished":"2025-01-21T10:04:10+00:00","dateModified":"2025-10-15T06:51:10+00:00","breadcrumb":{"@id":"https:\/\/lindenpark.pl\/linden-park-ostrzeszow\/#breadcrumb"},"inLanguage":"en-GB","potentialAction":[{"@type":"ReadAction","target":["https:\/\/lindenpark.pl\/linden-park-ostrzeszow\/"]}]},{"@type":"ImageObject","inLanguage":"en-GB","@id":"https:\/\/lindenpark.pl\/linden-park-ostrzeszow\/#primaryimage","url":"https:\/\/lindenpark.pl\/wp-content\/uploads\/2025\/10\/AOS_4306-scaled.jpg","contentUrl":"https:\/\/lindenpark.pl\/wp-content\/uploads\/2025\/10\/AOS_4306-scaled.jpg"},{"@type":"BreadcrumbList","@id":"https:\/\/lindenpark.pl\/linden-park-ostrzeszow\/#breadcrumb","itemListElement":[{"@type":"ListItem","position":1,"name":"Strona g\u0142\u00f3wna","item":"https:\/\/lindenpark.pl\/"},{"@type":"ListItem","position":2,"name":"Linden Park Ostrzesz\u00f3w"}]},{"@type":"WebSite","@id":"https:\/\/lindenpark.pl\/#website","url":"https:\/\/lindenpark.pl\/","name":"Lindenpark - centrum kreatywnej zabawy","description":"","publisher":{"@id":"https:\/\/lindenpark.pl\/#organization"},"potentialAction":[{"@type":"SearchAction","target":{"@type":"EntryPoint","urlTemplate":"https:\/\/lindenpark.pl\/?s={search_term_string}"},"query-input":{"@type":"PropertyValueSpecification","valueRequired":true,"valueName":"search_term_string"}}],"inLanguage":"en-GB"},{"@type":"Organization","@id":"https:\/\/lindenpark.pl\/#organization","name":"Lindenpark - centrum kreatywnej zabawy","url":"https:\/\/lindenpark.pl\/","logo":{"@type":"ImageObject","inLanguage":"en-GB","@id":"https:\/\/lindenpark.pl\/#\/schema\/logo\/image\/","url":"https:\/\/lindenpark.pl\/wp-content\/uploads\/2022\/04\/lindenpark-logomobile.png","contentUrl":"https:\/\/lindenpark.pl\/wp-content\/uploads\/2022\/04\/lindenpark-logomobile.png","width":150,"height":85,"caption":"Lindenpark - centrum kreatywnej zabawy"},"image":{"@id":"https:\/\/lindenpark.pl\/#\/schema\/logo\/image\/"},"sameAs":["https:\/\/www.facebook.com\/lindenpark.centrum","https:\/\/x.com\/KlockiLinden"]}]}},"ticketed":false,"_links":{"self":[{"href":"https:\/\/lindenpark.pl\/en\/wp-json\/wp\/v2\/pages\/13689","targetHints":{"allow":["GET"]}}],"collection":[{"href":"https:\/\/lindenpark.pl\/en\/wp-json\/wp\/v2\/pages"}],"about":[{"href":"https:\/\/lindenpark.pl\/en\/wp-json\/wp\/v2\/types\/page"}],"author":[{"embeddable":true,"href":"https:\/\/lindenpark.pl\/en\/wp-json\/wp\/v2\/users\/6"}],"replies":[{"embeddable":true,"href":"https:\/\/lindenpark.pl\/en\/wp-json\/wp\/v2\/comments?post=13689"}],"version-history":[{"count":38,"href":"https:\/\/lindenpark.pl\/en\/wp-json\/wp\/v2\/pages\/13689\/revisions"}],"predecessor-version":[{"id":14897,"href":"https:\/\/lindenpark.pl\/en\/wp-json\/wp\/v2\/pages\/13689\/revisions\/14897"}],"wp:attachment":[{"href":"https:\/\/lindenpark.pl\/en\/wp-json\/wp\/v2\/media?parent=13689"}],"curies":[{"name":"wp","href":"https:\/\/api.w.org\/{rel}","templated":true}]}}